{"id":682,"date":"2025-10-12T19:51:06","date_gmt":"2025-10-12T18:51:06","guid":{"rendered":"https:\/\/inmediasbrass.hu\/?page_id=682"},"modified":"2025-11-10T11:17:56","modified_gmt":"2025-11-10T10:17:56","slug":"home","status":"publish","type":"page","link":"https:\/\/inmediasbrass.hu\/en\/","title":{"rendered":"Home"},"content":{"rendered":"\t\t<div data-elementor-type=\"wp-page\" data-elementor-id=\"682\" class=\"elementor elementor-682\" data-elementor-post-type=\"page\">\n\t\t\t\t<div class=\"elementor-element elementor-element-3afff0f elementor-hidden-mobile e-flex e-con-boxed e-con e-parent\" data-id=\"3afff0f\" data-element_type=\"container\" data-e-type=\"container\" data-settings=\"{&quot;background_background&quot;:&quot;classic&quot;}\">\n\t\t\t\t\t<div class=\"e-con-inner\">\n\t\t\t\t<div class=\"elementor-element elementor-element-cfc5d5e elementor-widget elementor-widget-heading\" data-id=\"cfc5d5e\" data-element_type=\"widget\" data-e-type=\"widget\" data-widget_type=\"heading.default\">\n\t\t\t\t<div class=\"elementor-widget-container\">\n\t\t\t\t\t<h1 class=\"elementor-heading-title elementor-size-default\">In medias brass<\/h1>\t\t\t\t<\/div>\n\t\t\t\t<\/div>\n\t\t\t\t<div class=\"elementor-element elementor-element-922b25a elementor-widget elementor-widget-text-editor\" data-id=\"922b25a\" data-element_type=\"widget\" data-e-type=\"widget\" data-widget_type=\"text-editor.default\">\n\t\t\t\t<div class=\"elementor-widget-container\">\n\t\t\t\t\t\t\t\t\t<p>Budapest<\/p>\t\t\t\t\t\t\t\t<\/div>\n\t\t\t\t<\/div>\n\t\t\t\t<div class=\"elementor-element elementor-element-ce29010 elementor-view-default elementor-widget elementor-widget-icon\" data-id=\"ce29010\" data-element_type=\"widget\" data-e-type=\"widget\" data-widget_type=\"icon.default\">\n\t\t\t\t<div class=\"elementor-widget-container\">\n\t\t\t\t\t\t\t<div class=\"elementor-icon-wrapper\">\n\t\t\t<a class=\"elementor-icon\" href=\"#egyuttesrol\">\n\t\t\t<svg xmlns=\"http:\/\/www.w3.org\/2000\/svg\" id=\"Layer_1\" viewBox=\"0 0 64 64\"><g><g><path d=\"m46.76 49.24h-29.52c-9.51 0-17.24-7.73-17.24-17.24s7.73-17.24 17.24-17.24h29.52c9.51 0 17.24 7.73 17.24 17.24s-7.73 17.24-17.24 17.24zm-29.52-32.54c-8.44 0-15.3 6.86-15.3 15.3s6.86 15.3 15.3 15.3h29.52c8.44 0 15.3-6.86 15.3-15.3s-6.86-15.3-15.3-15.3z\"><\/path><\/g><g><path d=\"m16.55 43.64c-6.42 0-11.64-5.22-11.64-11.64s5.22-11.64 11.64-11.64 11.64 5.22 11.64 11.64-5.22 11.64-11.64 11.64zm0-21.34c-5.35 0-9.7 4.35-9.7 9.7s4.35 9.7 9.7 9.7 9.7-4.35 9.7-9.7-4.35-9.7-9.7-9.7z\"><\/path><\/g><\/g><\/svg>\t\t\t<\/a>\n\t\t<\/div>\n\t\t\t\t\t\t<\/div>\n\t\t\t\t<\/div>\n\t\t\t\t\t<\/div>\n\t\t\t\t<\/div>\n\t\t<div class=\"elementor-element elementor-element-d853dff elementor-hidden-desktop elementor-hidden-tablet e-flex e-con-boxed e-con e-parent\" data-id=\"d853dff\" data-element_type=\"container\" data-e-type=\"container\" data-settings=\"{&quot;background_background&quot;:&quot;classic&quot;}\">\n\t\t\t\t\t<div class=\"e-con-inner\">\n\t\t\t\t<div class=\"elementor-element elementor-element-25707c9 elementor-widget elementor-widget-image\" data-id=\"25707c9\" data-element_type=\"widget\" data-e-type=\"widget\" data-widget_type=\"image.default\">\n\t\t\t\t<div class=\"elementor-widget-container\">\n\t\t\t\t\t\t\t\t\t\t\t\t\t\t\t<img alt=\"\" fetchpriority=\"high\" decoding=\"async\" width=\"2048\" height=\"1363\" src=\"https:\/\/inmediasbrass.hu\/wp-content\/uploads\/2025\/07\/6e76c740-92e5-4d9d-8346-06c71dffe6a8.jpeg\" class=\"attachment-full size-full wp-image-382\" alt=\"\" srcset=\"https:\/\/inmediasbrass.hu\/wp-content\/uploads\/2025\/07\/6e76c740-92e5-4d9d-8346-06c71dffe6a8.jpeg 2048w, https:\/\/inmediasbrass.hu\/wp-content\/uploads\/2025\/07\/6e76c740-92e5-4d9d-8346-06c71dffe6a8-300x200.jpeg 300w, https:\/\/inmediasbrass.hu\/wp-content\/uploads\/2025\/07\/6e76c740-92e5-4d9d-8346-06c71dffe6a8-1024x682.jpeg 1024w, https:\/\/inmediasbrass.hu\/wp-content\/uploads\/2025\/07\/6e76c740-92e5-4d9d-8346-06c71dffe6a8-768x511.jpeg 768w, https:\/\/inmediasbrass.hu\/wp-content\/uploads\/2025\/07\/6e76c740-92e5-4d9d-8346-06c71dffe6a8-1536x1022.jpeg 1536w\" sizes=\"(max-width: 2048px) 100vw, 2048px\" \/>\t\t\t\t\t\t\t\t\t\t\t\t\t\t\t<\/div>\n\t\t\t\t<\/div>\n\t\t\t\t<div class=\"elementor-element elementor-element-47cafa1 elementor-widget elementor-widget-heading\" data-id=\"47cafa1\" data-element_type=\"widget\" data-e-type=\"widget\" data-widget_type=\"heading.default\">\n\t\t\t\t<div class=\"elementor-widget-container\">\n\t\t\t\t\t<h1 class=\"elementor-heading-title elementor-size-default\">In medias brass<\/h1>\t\t\t\t<\/div>\n\t\t\t\t<\/div>\n\t\t\t\t<div class=\"elementor-element elementor-element-7875881 elementor-widget elementor-widget-text-editor\" data-id=\"7875881\" data-element_type=\"widget\" data-e-type=\"widget\" data-widget_type=\"text-editor.default\">\n\t\t\t\t<div class=\"elementor-widget-container\">\n\t\t\t\t\t\t\t\t\t<p>Budapest<\/p>\t\t\t\t\t\t\t\t<\/div>\n\t\t\t\t<\/div>\n\t\t\t\t\t<\/div>\n\t\t\t\t<\/div>\n\t\t<div class=\"elementor-element elementor-element-7dd7d25 e-flex e-con-boxed e-con e-parent\" data-id=\"7dd7d25\" data-element_type=\"container\" data-e-type=\"container\" id=\"egyuttesrol\" data-settings=\"{&quot;background_background&quot;:&quot;classic&quot;}\">\n\t\t\t\t\t<div class=\"e-con-inner\">\n\t\t<div class=\"elementor-element elementor-element-1e07246 e-con-full e-flex e-con e-child\" data-id=\"1e07246\" data-element_type=\"container\" data-e-type=\"container\">\n\t\t\t\t<div class=\"elementor-element elementor-element-d0da75b elementor-widget elementor-widget-heading\" data-id=\"d0da75b\" data-element_type=\"widget\" data-e-type=\"widget\" data-widget_type=\"heading.default\">\n\t\t\t\t<div class=\"elementor-widget-container\">\n\t\t\t\t\t<h2 class=\"elementor-heading-title elementor-size-default\">About<\/h2>\t\t\t\t<\/div>\n\t\t\t\t<\/div>\n\t\t\t\t<div class=\"elementor-element elementor-element-4217871 elementor-widget elementor-widget-text-editor\" data-id=\"4217871\" data-element_type=\"widget\" data-e-type=\"widget\" data-widget_type=\"text-editor.default\">\n\t\t\t\t<div class=\"elementor-widget-container\">\n\t\t\t\t\t\t\t\t\t<p>In Medias Brass was formed in January 2010. Its members got their degree at the Franz Liszt Academy of Music. The ensemble \u2013 just a bit more than three years into its existence \u2013 has been well placed on seven noted international competition in seven different countries of three continents, where they won five first prizes, two second prizes and special prizes too. In the 12 years since then, they have given countless successful concerts in Hungary and abroad, released four albums, and the members of the ensemble play in leading Hungarian symphony orchestras or teach at prestigious educational institutions.<\/p>\t\t\t\t\t\t\t\t<\/div>\n\t\t\t\t<\/div>\n\t\t\t\t<div class=\"elementor-element elementor-element-c87f38f elementor-widget elementor-widget-button\" data-id=\"c87f38f\" data-element_type=\"widget\" data-e-type=\"widget\" data-widget_type=\"button.default\">\n\t\t\t\t<div class=\"elementor-widget-container\">\n\t\t\t\t\t\t\t\t\t<div class=\"elementor-button-wrapper\">\n\t\t\t\t\t<a class=\"elementor-button elementor-button-link elementor-size-sm\" href=\"https:\/\/inmediasbrass.hu\/en\/about\/\">\n\t\t\t\t\t\t<span class=\"elementor-button-content-wrapper\">\n\t\t\t\t\t\t\t\t\t<span class=\"elementor-button-text\">More<\/span>\n\t\t\t\t\t<\/span>\n\t\t\t\t\t<\/a>\n\t\t\t\t<\/div>\n\t\t\t\t\t\t\t\t<\/div>\n\t\t\t\t<\/div>\n\t\t\t\t<\/div>\n\t\t<div class=\"elementor-element elementor-element-7c52e1b e-con-full e-flex e-con e-child\" data-id=\"7c52e1b\" data-element_type=\"container\" data-e-type=\"container\">\n\t\t\t\t<div class=\"elementor-element elementor-element-75438cb elementor-widget elementor-widget-image\" data-id=\"75438cb\" data-element_type=\"widget\" data-e-type=\"widget\" data-widget_type=\"image.default\">\n\t\t\t\t<div class=\"elementor-widget-container\">\n\t\t\t\t\t\t\t\t\t\t\t\t\t\t\t<img alt=\"\" decoding=\"async\" width=\"2048\" height=\"1363\" src=\"https:\/\/inmediasbrass.hu\/wp-content\/uploads\/2025\/07\/60926f9e-0f80-41fd-83b0-8f57dc0ee9da.jpeg\" class=\"attachment-full size-full wp-image-393\" alt=\"\" srcset=\"https:\/\/inmediasbrass.hu\/wp-content\/uploads\/2025\/07\/60926f9e-0f80-41fd-83b0-8f57dc0ee9da.jpeg 2048w, https:\/\/inmediasbrass.hu\/wp-content\/uploads\/2025\/07\/60926f9e-0f80-41fd-83b0-8f57dc0ee9da-300x200.jpeg 300w, https:\/\/inmediasbrass.hu\/wp-content\/uploads\/2025\/07\/60926f9e-0f80-41fd-83b0-8f57dc0ee9da-1024x682.jpeg 1024w, https:\/\/inmediasbrass.hu\/wp-content\/uploads\/2025\/07\/60926f9e-0f80-41fd-83b0-8f57dc0ee9da-768x511.jpeg 768w, https:\/\/inmediasbrass.hu\/wp-content\/uploads\/2025\/07\/60926f9e-0f80-41fd-83b0-8f57dc0ee9da-1536x1022.jpeg 1536w\" sizes=\"(max-width: 2048px) 100vw, 2048px\" \/>\t\t\t\t\t\t\t\t\t\t\t\t\t\t\t<\/div>\n\t\t\t\t<\/div>\n\t\t\t\t<\/div>\n\t\t\t\t\t<\/div>\n\t\t\t\t<\/div>\n\t\t<div class=\"elementor-element elementor-element-a5da6f4 e-flex e-con-boxed e-con e-parent\" data-id=\"a5da6f4\" data-element_type=\"container\" data-e-type=\"container\" data-settings=\"{&quot;background_background&quot;:&quot;classic&quot;}\">\n\t\t\t\t\t<div class=\"e-con-inner\">\n\t\t\t\t<div class=\"elementor-element elementor-element-3275ea7 elementor-widget elementor-widget-heading\" data-id=\"3275ea7\" data-element_type=\"widget\" data-e-type=\"widget\" data-widget_type=\"heading.default\">\n\t\t\t\t<div class=\"elementor-widget-container\">\n\t\t\t\t\t<h2 class=\"elementor-heading-title elementor-size-default\">Videos<\/h2>\t\t\t\t<\/div>\n\t\t\t\t<\/div>\n\t\t<div class=\"elementor-element elementor-element-3f24b5f e-grid e-con-full e-con e-child\" data-id=\"3f24b5f\" data-element_type=\"container\" data-e-type=\"container\">\n\t\t\t\t<div class=\"elementor-element elementor-element-28c6438 elementor-widget elementor-widget-video\" data-id=\"28c6438\" data-element_type=\"widget\" data-e-type=\"widget\" data-settings=\"{&quot;youtube_url&quot;:&quot;https:\\\/\\\/youtu.be\\\/oPEif8PqyGI&quot;,&quot;video_type&quot;:&quot;youtube&quot;,&quot;controls&quot;:&quot;yes&quot;}\" data-widget_type=\"video.default\">\n\t\t\t\t<div class=\"elementor-widget-container\">\n\t\t\t\t\t\t\t<div class=\"elementor-wrapper elementor-open-inline\">\n\t\t\t<div class=\"elementor-video\"><\/div>\t\t<\/div>\n\t\t\t\t\t\t<\/div>\n\t\t\t\t<\/div>\n\t\t\t\t<div class=\"elementor-element elementor-element-f76c4bf elementor-widget elementor-widget-video\" data-id=\"f76c4bf\" data-element_type=\"widget\" data-e-type=\"widget\" data-settings=\"{&quot;youtube_url&quot;:&quot;https:\\\/\\\/youtu.be\\\/7EFKqbj5_7s&quot;,&quot;video_type&quot;:&quot;youtube&quot;,&quot;controls&quot;:&quot;yes&quot;}\" data-widget_type=\"video.default\">\n\t\t\t\t<div class=\"elementor-widget-container\">\n\t\t\t\t\t\t\t<div class=\"elementor-wrapper elementor-open-inline\">\n\t\t\t<div class=\"elementor-video\"><\/div>\t\t<\/div>\n\t\t\t\t\t\t<\/div>\n\t\t\t\t<\/div>\n\t\t\t\t<div class=\"elementor-element elementor-element-6bc786e elementor-widget elementor-widget-video\" data-id=\"6bc786e\" data-element_type=\"widget\" data-e-type=\"widget\" data-settings=\"{&quot;youtube_url&quot;:&quot;https:\\\/\\\/youtu.be\\\/tWFNprnU_jc&quot;,&quot;video_type&quot;:&quot;youtube&quot;,&quot;controls&quot;:&quot;yes&quot;}\" data-widget_type=\"video.default\">\n\t\t\t\t<div class=\"elementor-widget-container\">\n\t\t\t\t\t\t\t<div class=\"elementor-wrapper elementor-open-inline\">\n\t\t\t<div class=\"elementor-video\"><\/div>\t\t<\/div>\n\t\t\t\t\t\t<\/div>\n\t\t\t\t<\/div>\n\t\t\t\t<\/div>\n\t\t\t\t<div class=\"elementor-element elementor-element-83a2b4b elementor-align-center elementor-widget elementor-widget-button\" data-id=\"83a2b4b\" data-element_type=\"widget\" data-e-type=\"widget\" data-widget_type=\"button.default\">\n\t\t\t\t<div class=\"elementor-widget-container\">\n\t\t\t\t\t\t\t\t\t<div class=\"elementor-button-wrapper\">\n\t\t\t\t\t<a class=\"elementor-button elementor-button-link elementor-size-sm\" href=\"https:\/\/inmediasbrass.hu\/en\/videos\/\">\n\t\t\t\t\t\t<span class=\"elementor-button-content-wrapper\">\n\t\t\t\t\t\t\t\t\t<span class=\"elementor-button-text\">more<\/span>\n\t\t\t\t\t<\/span>\n\t\t\t\t\t<\/a>\n\t\t\t\t<\/div>\n\t\t\t\t\t\t\t\t<\/div>\n\t\t\t\t<\/div>\n\t\t\t\t\t<\/div>\n\t\t\t\t<\/div>\n\t\t<div class=\"elementor-element elementor-element-310b61f4 e-flex e-con-boxed e-con e-parent\" data-id=\"310b61f4\" data-element_type=\"container\" data-e-type=\"container\" data-settings=\"{&quot;background_background&quot;:&quot;classic&quot;}\">\n\t\t\t\t\t<div class=\"e-con-inner\">\n\t\t\t\t<div class=\"elementor-element elementor-element-3e6524b1 elementor-widget elementor-widget-heading\" data-id=\"3e6524b1\" data-element_type=\"widget\" data-e-type=\"widget\" data-widget_type=\"heading.default\">\n\t\t\t\t<div class=\"elementor-widget-container\">\n\t\t\t\t\t<h2 class=\"elementor-heading-title elementor-size-default\">Discography<\/h2>\t\t\t\t<\/div>\n\t\t\t\t<\/div>\n\t\t<div class=\"elementor-element elementor-element-4b48464d e-grid e-con-full e-con e-child\" data-id=\"4b48464d\" data-element_type=\"container\" data-e-type=\"container\">\n\t\t\t\t<div class=\"elementor-element elementor-element-7079ed1c elementor-cta--skin-classic elementor-animated-content elementor-bg-transform elementor-bg-transform-zoom-in elementor-widget elementor-widget-call-to-action\" data-id=\"7079ed1c\" data-element_type=\"widget\" data-e-type=\"widget\" data-widget_type=\"call-to-action.default\">\n\t\t\t\t<div class=\"elementor-widget-container\">\n\t\t\t\t\t\t\t<a class=\"elementor-cta\" href=\"https:\/\/open.spotify.com\/album\/4OHHf7qkGi7BevQSqXSmda?si=u4YlnpnMSSuFIBLBHk8PTw\" target=\"_blank\">\n\t\t\t\t\t<div class=\"elementor-cta__bg-wrapper\">\n\t\t\t\t<div class=\"elementor-cta__bg elementor-bg\" style=\"background-image: url(https:\/\/inmediasbrass.hu\/wp-content\/uploads\/2025\/09\/letoltes-1.jpeg);\" role=\"img\" aria-label=\"leto\u0308lte\u0301s (1)\"><\/div>\n\t\t\t\t<div class=\"elementor-cta__bg-overlay\"><\/div>\n\t\t\t<\/div>\n\t\t\t\t\t\t\t<div class=\"elementor-cta__content\">\n\t\t\t\t\n\t\t\t\t\t\t\t\t\t<h2 class=\"elementor-cta__title elementor-cta__content-item elementor-content-item\">\n\t\t\t\t\t\tKind of Brass\t\t\t\t\t<\/h2>\n\t\t\t\t\n\t\t\t\t\t\t\t\t\t<div class=\"elementor-cta__description elementor-cta__content-item elementor-content-item\">\n\t\t\t\t\t\t2022<br><br><br><br>\t\t\t\t\t<\/div>\n\t\t\t\t\n\t\t\t\t\t\t\t<\/div>\n\t\t\t\t\t\t<\/a>\n\t\t\t\t\t\t<\/div>\n\t\t\t\t<\/div>\n\t\t\t\t<div class=\"elementor-element elementor-element-6b68647a elementor-cta--skin-classic elementor-animated-content elementor-bg-transform elementor-bg-transform-zoom-in elementor-widget elementor-widget-call-to-action\" data-id=\"6b68647a\" data-element_type=\"widget\" data-e-type=\"widget\" data-widget_type=\"call-to-action.default\">\n\t\t\t\t<div class=\"elementor-widget-container\">\n\t\t\t\t\t\t\t<a class=\"elementor-cta\" href=\"https:\/\/open.spotify.com\/album\/7AVmFkPOVUbnrJFvysv86F?si=7wBjzN_LSj-fZYsHKZvzqA\" target=\"_blank\">\n\t\t\t\t\t<div class=\"elementor-cta__bg-wrapper\">\n\t\t\t\t<div class=\"elementor-cta__bg elementor-bg\" style=\"background-image: url(https:\/\/inmediasbrass.hu\/wp-content\/uploads\/2025\/09\/letoltes.jpeg);\" role=\"img\" aria-label=\"leto\u0308lte\u0301s\"><\/div>\n\t\t\t\t<div class=\"elementor-cta__bg-overlay\"><\/div>\n\t\t\t<\/div>\n\t\t\t\t\t\t\t<div class=\"elementor-cta__content\">\n\t\t\t\t\n\t\t\t\t\t\t\t\t\t<h2 class=\"elementor-cta__title elementor-cta__content-item elementor-content-item\">\n\t\t\t\t\t\tDivertimento\t\t\t\t\t<\/h2>\n\t\t\t\t\n\t\t\t\t\t\t\t\t\t<div class=\"elementor-cta__description elementor-cta__content-item elementor-content-item\">\n\t\t\t\t\t\t2022<br><br><br><br>\t\t\t\t\t<\/div>\n\t\t\t\t\n\t\t\t\t\t\t\t<\/div>\n\t\t\t\t\t\t<\/a>\n\t\t\t\t\t\t<\/div>\n\t\t\t\t<\/div>\n\t\t\t\t<div class=\"elementor-element elementor-element-bf173a9 elementor-cta--skin-classic elementor-animated-content elementor-bg-transform elementor-bg-transform-zoom-in elementor-widget elementor-widget-call-to-action\" data-id=\"bf173a9\" data-element_type=\"widget\" data-e-type=\"widget\" data-widget_type=\"call-to-action.default\">\n\t\t\t\t<div class=\"elementor-widget-container\">\n\t\t\t\t\t\t\t<a class=\"elementor-cta\" href=\"https:\/\/www.lira.hu\/hu\/konyv\/szepirodalom\/memoar-eletrajz-interju\/szokolay-sandor-rezfuvos-kamaramuvei-cd-in-medias-brass\" target=\"_blank\">\n\t\t\t\t\t<div class=\"elementor-cta__bg-wrapper\">\n\t\t\t\t<div class=\"elementor-cta__bg elementor-bg\" style=\"background-image: url(https:\/\/inmediasbrass.hu\/wp-content\/uploads\/2025\/09\/1630138.jpg);\" role=\"img\" aria-label=\"1630138\"><\/div>\n\t\t\t\t<div class=\"elementor-cta__bg-overlay\"><\/div>\n\t\t\t<\/div>\n\t\t\t\t\t\t\t<div class=\"elementor-cta__content\">\n\t\t\t\t\n\t\t\t\t\t\t\t\t\t<h2 class=\"elementor-cta__title elementor-cta__content-item elementor-content-item\">\n\t\t\t\t\t\tSzokolay S\u00e1ndor r\u00e9zf\u00fav\u00f3s kamaram\u0171vei\t\t\t\t\t<\/h2>\n\t\t\t\t\n\t\t\t\t\t\t\t\t\t<div class=\"elementor-cta__description elementor-cta__content-item elementor-content-item\">\n\t\t\t\t\t\t2018<br><br>\t\t\t\t\t<\/div>\n\t\t\t\t\n\t\t\t\t\t\t\t<\/div>\n\t\t\t\t\t\t<\/a>\n\t\t\t\t\t\t<\/div>\n\t\t\t\t<\/div>\n\t\t\t\t<div class=\"elementor-element elementor-element-2b98ad5e elementor-cta--skin-classic elementor-animated-content elementor-bg-transform elementor-bg-transform-zoom-in elementor-widget elementor-widget-call-to-action\" data-id=\"2b98ad5e\" data-element_type=\"widget\" data-e-type=\"widget\" data-widget_type=\"call-to-action.default\">\n\t\t\t\t<div class=\"elementor-widget-container\">\n\t\t\t\t\t\t\t<a class=\"elementor-cta\" href=\"https:\/\/open.spotify.com\/album\/15cDihb6RGWJp0x34TpDTb?si=94SB3mXlRsCiEfd2UT8RIQ\" target=\"_blank\">\n\t\t\t\t\t<div class=\"elementor-cta__bg-wrapper\">\n\t\t\t\t<div class=\"elementor-cta__bg elementor-bg\" style=\"background-image: url(https:\/\/inmediasbrass.hu\/wp-content\/uploads\/2025\/09\/csodaknak-csodaja.jpg);\" role=\"img\" aria-label=\"csodaknak-csodaja\"><\/div>\n\t\t\t\t<div class=\"elementor-cta__bg-overlay\"><\/div>\n\t\t\t<\/div>\n\t\t\t\t\t\t\t<div class=\"elementor-cta__content\">\n\t\t\t\t\n\t\t\t\t\t\t\t\t\t<h2 class=\"elementor-cta__title elementor-cta__content-item elementor-content-item\">\n\t\t\t\t\t\tCsod\u00e1knak csod\u00e1ja\t\t\t\t\t<\/h2>\n\t\t\t\t\n\t\t\t\t\t\t\t\t\t<div class=\"elementor-cta__description elementor-cta__content-item elementor-content-item\">\n\t\t\t\t\t\t2014<br><br><br> \t\t\t\t\t<\/div>\n\t\t\t\t\n\t\t\t\t\t\t\t<\/div>\n\t\t\t\t\t\t<\/a>\n\t\t\t\t\t\t<\/div>\n\t\t\t\t<\/div>\n\t\t\t\t<\/div>\n\t\t\t\t\t<\/div>\n\t\t\t\t<\/div>\n\t\t\t\t<\/div>\n\t\t","protected":false},"excerpt":{"rendered":"<p>In medias brass Budapest In medias brass Budapest About In Medias Brass was formed in January 2010. Its members got their degree at the Franz Liszt Academy of Music. The [&hellip;]<\/p>\n","protected":false},"author":1,"featured_media":0,"parent":0,"menu_order":0,"comment_status":"closed","ping_status":"closed","template":"elementor_header_footer","meta":{"_seopress_robots_primary_cat":"","_seopress_titles_title":"In Medias Brass I Home","_seopress_titles_desc":"In Medias Brass is an internationally recognized brass quintet founded in 2010, which provides memorable musical experiences with its virtuosity and diverse repertoire.","_seopress_robots_index":"","footnotes":""},"class_list":["post-682","page","type-page","status-publish","hentry"],"_links":{"self":[{"href":"https:\/\/inmediasbrass.hu\/en\/wp-json\/wp\/v2\/pages\/682","targetHints":{"allow":["GET"]}}],"collection":[{"href":"https:\/\/inmediasbrass.hu\/en\/wp-json\/wp\/v2\/pages"}],"about":[{"href":"https:\/\/inmediasbrass.hu\/en\/wp-json\/wp\/v2\/types\/page"}],"author":[{"embeddable":true,"href":"https:\/\/inmediasbrass.hu\/en\/wp-json\/wp\/v2\/users\/1"}],"replies":[{"embeddable":true,"href":"https:\/\/inmediasbrass.hu\/en\/wp-json\/wp\/v2\/comments?post=682"}],"version-history":[{"count":58,"href":"https:\/\/inmediasbrass.hu\/en\/wp-json\/wp\/v2\/pages\/682\/revisions"}],"predecessor-version":[{"id":856,"href":"https:\/\/inmediasbrass.hu\/en\/wp-json\/wp\/v2\/pages\/682\/revisions\/856"}],"wp:attachment":[{"href":"https:\/\/inmediasbrass.hu\/en\/wp-json\/wp\/v2\/media?parent=682"}],"curies":[{"name":"wp","href":"https:\/\/api.w.org\/{rel}","templated":true}]}}